{"id":1827,"date":"2023-03-10T02:35:37","date_gmt":"2023-03-10T02:35:37","guid":{"rendered":"https:\/\/disantastore.com\/web\/?page_id=1827"},"modified":"2023-08-10T03:33:48","modified_gmt":"2023-08-10T03:33:48","slug":"vinos","status":"publish","type":"page","link":"https:\/\/disantastore.com\/web\/?page_id=1827","title":{"rendered":"Vinos"},"content":{"rendered":"\t\t<div data-elementor-type=\"wp-page\" data-elementor-id=\"1827\" class=\"elementor elementor-1827\">\n\t\t\t\t\t\t<section class=\"elementor-section elementor-top-section elementor-element elementor-element-58b6d5e elementor-section-full_width elementor-section-height-default elementor-section-height-default\" data-id=\"58b6d5e\" data-element_type=\"section\" data-e-type=\"section\">\n\t\t\t\t\t\t<div class=\"elementor-container elementor-column-gap-default\">\n\t\t\t\t\t<div class=\"elementor-column elementor-col-100 elementor-top-column elementor-element elementor-element-61d4345\" data-id=\"61d4345\" data-element_type=\"column\" data-e-type=\"column\">\n\t\t\t<div class=\"elementor-widget-wrap elementor-element-populated\">\n\t\t\t\t\t\t<div class=\"elementor-element elementor-element-323c2aa elementor--h-position-center elementor--v-position-middle elementor-arrows-position-inside elementor-pagination-position-inside elementor-widget elementor-widget-slides\" data-id=\"323c2aa\" data-element_type=\"widget\" data-e-type=\"widget\" data-settings=\"{&quot;navigation&quot;:&quot;both&quot;,&quot;autoplay&quot;:&quot;yes&quot;,&quot;pause_on_hover&quot;:&quot;yes&quot;,&quot;pause_on_interaction&quot;:&quot;yes&quot;,&quot;autoplay_speed&quot;:5000,&quot;infinite&quot;:&quot;yes&quot;,&quot;transition&quot;:&quot;slide&quot;,&quot;transition_speed&quot;:500}\" data-widget_type=\"slides.default\">\n\t\t\t\t<div class=\"elementor-widget-container\">\n\t\t\t\t\t\t\t<div class=\"elementor-swiper\">\n\t\t\t<div class=\"elementor-slides-wrapper elementor-main-swiper swiper-container\" dir=\"ltr\" data-animation=\"fadeInUp\">\n\t\t\t\t<div class=\"swiper-wrapper elementor-slides\">\n\t\t\t\t\t\t\t\t\t\t<div class=\"elementor-repeater-item-c18707e swiper-slide\"><div class=\"swiper-slide-bg\"><\/div><div class=\"swiper-slide-inner\" ><div class=\"swiper-slide-contents\"><div class=\"elementor-slide-heading\">VINOS<\/div><\/div><\/div><\/div>\t\t\t\t<\/div>\n\t\t\t\t\t\t\t<\/div>\n\t\t<\/div>\n\t\t\t\t\t\t<\/div>\n\t\t\t\t<\/div>\n\t\t\t\t\t<\/div>\n\t\t<\/div>\n\t\t\t\t\t<\/div>\n\t\t<\/section>\n\t\t\t\t<section class=\"elementor-section elementor-top-section elementor-element elementor-element-871def7 elementor-section-boxed elementor-section-height-default elementor-section-height-default\" data-id=\"871def7\" data-element_type=\"section\" data-e-type=\"section\" data-settings=\"{&quot;background_background&quot;:&quot;classic&quot;}\">\n\t\t\t\t\t\t\t<div class=\"elementor-background-overlay\"><\/div>\n\t\t\t\t\t\t\t<div class=\"elementor-container elementor-column-gap-default\">\n\t\t\t\t\t<div class=\"elementor-column elementor-col-100 elementor-top-column elementor-element elementor-element-06ceb48\" data-id=\"06ceb48\" data-element_type=\"column\" data-e-type=\"column\">\n\t\t\t<div class=\"elementor-widget-wrap elementor-element-populated\">\n\t\t\t\t\t\t<div class=\"elementor-element elementor-element-014cd26 premium-woo-product-align-center premium-qv-hidden-yes elementor-widget elementor-widget-premium-woo-products\" data-id=\"014cd26\" data-element_type=\"widget\" data-e-type=\"widget\" data-widget_type=\"premium-woo-products.grid-1\">\n\t\t\t\t<div class=\"elementor-widget-container\">\n\t\t\t\t\t<div class=\"premium-woocommerce premium-woo-products-grid premium-woo-skin-grid-1 premium-woo-query-custom\" data-page-id=\"1827\" data-skin=\"grid_1\" data-quick-view=\"yes\"><div class=\"premium-woo-products-inner premium-woo-product__hover-swap\"><ul class=\"products columns-3\">\n\n<li class=\" post-1850 product first instock shipping-taxable purchasable product-type-simple\">\n\t<div class=\"premium-woo-product-wrapper premium-con-lq__none\">\n\t\t<div class=\"premium-woo-product-thumbnail\"><a href=\"https:\/\/disantastore.com\/web\/?product=vino-tarapaca\" class=\"woocommerce-LoopProduct-link woocommerce-loop-product__link\"><img decoding=\"async\" src=\"https:\/\/disantastore.com\/web\/wp-content\/uploads\/2023\/03\/176010-VINO_ROSADO_TARAPACA_VARIETAL_VARIEDAD_DE_UVAS_750ML_CHILE.png\" alt=\"\"><\/a><div class=\"premium-woo-qv-btn premium-woo-qv-btn-translate\" data-product-id=\"1850\">Vista r\u00e1pida<i class=\"premium-woo-qv-icon fa fa-eye\" aria-hidden=\"true\"><\/i><\/div><\/div><div class=\"premium-woo-products-details-wrap\"><a href=\"https:\/\/disantastore.com\/web\/?product=vino-tarapaca\" class=\"premium-woo-product__link\"><h2 class=\"woocommerce-loop-product__title\">Vino Tarapaca<\/h2><\/a>\t\t\t<span class=\"premium-woo-product-category\">\n\t\t\t\tTaracapa\t\t\t<\/span>\n\t\t\t<div class=\"star-rating\"><span style=\"width:0%\">Valorado con <strong class=\"rating\">0<\/strong> de 5<\/span><\/div><\/div>\t<\/div>\n<\/li>\n\n<li class=\" post-1841 product  instock shipping-taxable purchasable product-type-simple\">\n\t<div class=\"premium-woo-product-wrapper premium-con-lq__none\">\n\t\t<div class=\"premium-woo-product-thumbnail\"><a href=\"https:\/\/disantastore.com\/web\/?product=vino-frontera\" class=\"woocommerce-LoopProduct-link woocommerce-loop-product__link\"><img decoding=\"async\" src=\"https:\/\/disantastore.com\/web\/wp-content\/uploads\/2023\/03\/Wine-Free-PNG-Image.png\" alt=\"\"><\/a><div class=\"premium-woo-qv-btn premium-woo-qv-btn-translate\" data-product-id=\"1841\">Vista r\u00e1pida<i class=\"premium-woo-qv-icon fa fa-eye\" aria-hidden=\"true\"><\/i><\/div><\/div><div class=\"premium-woo-products-details-wrap\"><a href=\"https:\/\/disantastore.com\/web\/?product=vino-frontera\" class=\"premium-woo-product__link\"><h2 class=\"woocommerce-loop-product__title\">Vino Frontera<\/h2><\/a>\t\t\t<span class=\"premium-woo-product-category\">\n\t\t\t\tVINOS\t\t\t<\/span>\n\t\t\t<div class=\"star-rating\"><span style=\"width:0%\">Valorado con <strong class=\"rating\">0<\/strong> de 5<\/span><\/div><\/div>\t<\/div>\n<\/li>\n\n<li class=\" post-1397 product last instock shipping-taxable purchasable product-type-simple\">\n\t<div class=\"premium-woo-product-wrapper premium-con-lq__none\">\n\t\t<div class=\"premium-woo-product-thumbnail\"><a href=\"https:\/\/disantastore.com\/web\/?product=gato-negro-merlot-750-ml\" class=\"woocommerce-LoopProduct-link woocommerce-loop-product__link\"><img decoding=\"async\" src=\"https:\/\/disantastore.com\/web\/wp-content\/uploads\/2023\/02\/07-Vino-tinto.png\" alt=\"\"><\/a><div class=\"premium-woo-qv-btn premium-woo-qv-btn-translate\" data-product-id=\"1397\">Vista r\u00e1pida<i class=\"premium-woo-qv-icon fa fa-eye\" aria-hidden=\"true\"><\/i><\/div><\/div><div class=\"premium-woo-products-details-wrap\"><a href=\"https:\/\/disantastore.com\/web\/?product=gato-negro-merlot-750-ml\" class=\"premium-woo-product__link\"><h2 class=\"woocommerce-loop-product__title\">Gato Negro Merlot 750 ml<\/h2><\/a>\t\t\t<span class=\"premium-woo-product-category\">\n\t\t\t\tGATO NEGRO\t\t\t<\/span>\n\t\t\t<div class=\"star-rating\"><span style=\"width:0%\">Valorado con <strong class=\"rating\">0<\/strong> de 5<\/span><\/div><\/div>\t<\/div>\n<\/li>\n<\/ul>\n<\/div><\/div><div id=\"premium-woo-quick-view-014cd26\" class=\"premium-woo-quick-view-014cd26\">\n\t<div class=\"premium-woo-quick-view-back\">\n\t\t<div class=\"premium-woo-quick-view-loader\"><\/div>\n\t<\/div>\n\t<div id=\"premium-woo-quick-view-modal\">\n\t\t<div class=\"premium-woo-content-main-wrapper\"><!--\n\t\t--><div class=\"premium-woo-content-main\">\n\t\t\t\t<div class=\"premium-woo-lightbox-content\">\n\n\t\t\t\t\t<a href=\"#\" class=\"premium-woo-quick-view-close fa fa-window-close\"><\/a>\n\n\t\t\t\t\t<div id=\"premium-woo-quick-view-content\" class=\"woocommerce single-product\"><\/div>\n\t\t\t\t<\/div>\n\t\t\t<\/div>\n\t\t<\/div>\n\t<\/div>\n<\/div>\n\t\t\t\t<\/div>\n\t\t\t\t<\/div>\n\t\t\t\t<div class=\"elementor-element elementor-element-757ca91 premium-woo-product-align-center premium-qv-hidden-yes elementor-widget elementor-widget-premium-woo-products\" data-id=\"757ca91\" data-element_type=\"widget\" data-e-type=\"widget\" data-widget_type=\"premium-woo-products.grid-1\">\n\t\t\t\t<div class=\"elementor-widget-container\">\n\t\t\t\t\t<div class=\"premium-woocommerce premium-woo-products-grid premium-woo-skin-grid-1 premium-woo-query-custom\" data-page-id=\"1827\" data-skin=\"grid_1\" data-quick-view=\"yes\"><div class=\"premium-woo-products-inner premium-woo-product__hover-swap\"><ul class=\"products columns-3\">\n\n<li class=\" post-1850 product first instock shipping-taxable purchasable product-type-simple\">\n\t<div class=\"premium-woo-product-wrapper premium-con-lq__none\">\n\t\t<div class=\"premium-woo-product-thumbnail\"><a href=\"https:\/\/disantastore.com\/web\/?product=vino-tarapaca\" class=\"woocommerce-LoopProduct-link woocommerce-loop-product__link\"><img decoding=\"async\" src=\"https:\/\/disantastore.com\/web\/wp-content\/uploads\/2023\/03\/176010-VINO_ROSADO_TARAPACA_VARIETAL_VARIEDAD_DE_UVAS_750ML_CHILE.png\" alt=\"\"><\/a><div class=\"premium-woo-qv-btn premium-woo-qv-btn-translate\" data-product-id=\"1850\">Vista r\u00e1pida<i class=\"premium-woo-qv-icon fa fa-eye\" aria-hidden=\"true\"><\/i><\/div><\/div><div class=\"premium-woo-products-details-wrap\"><a href=\"https:\/\/disantastore.com\/web\/?product=vino-tarapaca\" class=\"premium-woo-product__link\"><h2 class=\"woocommerce-loop-product__title\">Vino Tarapaca<\/h2><\/a>\t\t\t<span class=\"premium-woo-product-category\">\n\t\t\t\tTaracapa\t\t\t<\/span>\n\t\t\t\n\t<span class=\"price\"><span class=\"woocommerce-Price-amount amount\"><bdi><span class=\"woocommerce-Price-currencySymbol\">&#36;<\/span>&nbsp;50.000<\/bdi><\/span><\/span>\n<\/div>\t<\/div>\n<\/li>\n\n<li class=\" post-1841 product  instock shipping-taxable purchasable product-type-simple\">\n\t<div class=\"premium-woo-product-wrapper premium-con-lq__none\">\n\t\t<div class=\"premium-woo-product-thumbnail\"><a href=\"https:\/\/disantastore.com\/web\/?product=vino-frontera\" class=\"woocommerce-LoopProduct-link woocommerce-loop-product__link\"><img decoding=\"async\" src=\"https:\/\/disantastore.com\/web\/wp-content\/uploads\/2023\/03\/Wine-Free-PNG-Image.png\" alt=\"\"><\/a><div class=\"premium-woo-qv-btn premium-woo-qv-btn-translate\" data-product-id=\"1841\">Vista r\u00e1pida<i class=\"premium-woo-qv-icon fa fa-eye\" aria-hidden=\"true\"><\/i><\/div><\/div><div class=\"premium-woo-products-details-wrap\"><a href=\"https:\/\/disantastore.com\/web\/?product=vino-frontera\" class=\"premium-woo-product__link\"><h2 class=\"woocommerce-loop-product__title\">Vino Frontera<\/h2><\/a>\t\t\t<span class=\"premium-woo-product-category\">\n\t\t\t\tVINOS\t\t\t<\/span>\n\t\t\t\n\t<span class=\"price\"><span class=\"woocommerce-Price-amount amount\"><bdi><span class=\"woocommerce-Price-currencySymbol\">&#36;<\/span>&nbsp;25.000<\/bdi><\/span><\/span>\n<\/div>\t<\/div>\n<\/li>\n\n<li class=\" post-1397 product last instock shipping-taxable purchasable product-type-simple\">\n\t<div class=\"premium-woo-product-wrapper premium-con-lq__none\">\n\t\t<div class=\"premium-woo-product-thumbnail\"><a href=\"https:\/\/disantastore.com\/web\/?product=gato-negro-merlot-750-ml\" class=\"woocommerce-LoopProduct-link woocommerce-loop-product__link\"><img decoding=\"async\" src=\"https:\/\/disantastore.com\/web\/wp-content\/uploads\/2023\/02\/07-Vino-tinto.png\" alt=\"\"><\/a><div class=\"premium-woo-qv-btn premium-woo-qv-btn-translate\" data-product-id=\"1397\">Vista r\u00e1pida<i class=\"premium-woo-qv-icon fa fa-eye\" aria-hidden=\"true\"><\/i><\/div><\/div><div class=\"premium-woo-products-details-wrap\"><a href=\"https:\/\/disantastore.com\/web\/?product=gato-negro-merlot-750-ml\" class=\"premium-woo-product__link\"><h2 class=\"woocommerce-loop-product__title\">Gato Negro Merlot 750 ml<\/h2><\/a>\t\t\t<span class=\"premium-woo-product-category\">\n\t\t\t\tGATO NEGRO\t\t\t<\/span>\n\t\t\t\n\t<span class=\"price\"><span class=\"woocommerce-Price-amount amount\"><bdi><span class=\"woocommerce-Price-currencySymbol\">&#36;<\/span>&nbsp;15.000<\/bdi><\/span><\/span>\n<\/div>\t<\/div>\n<\/li>\n<\/ul>\n<\/div><\/div><div id=\"premium-woo-quick-view-757ca91\" class=\"premium-woo-quick-view-757ca91\">\n\t<div class=\"premium-woo-quick-view-back\">\n\t\t<div class=\"premium-woo-quick-view-loader\"><\/div>\n\t<\/div>\n\t<div id=\"premium-woo-quick-view-modal\">\n\t\t<div class=\"premium-woo-content-main-wrapper\"><!--\n\t\t--><div class=\"premium-woo-content-main\">\n\t\t\t\t<div class=\"premium-woo-lightbox-content\">\n\n\t\t\t\t\t<a href=\"#\" class=\"premium-woo-quick-view-close fa fa-window-close\"><\/a>\n\n\t\t\t\t\t<div id=\"premium-woo-quick-view-content\" class=\"woocommerce single-product\"><\/div>\n\t\t\t\t<\/div>\n\t\t\t<\/div>\n\t\t<\/div>\n\t<\/div>\n<\/div>\n\t\t\t\t<\/div>\n\t\t\t\t<\/div>\n\t\t\t\t\t<\/div>\n\t\t<\/div>\n\t\t\t\t\t<\/div>\n\t\t<\/section>\n\t\t\t\t<\/div>\n\t\t","protected":false},"excerpt":{"rendered":"<p>VINOS Vista r\u00e1pida Vino Tarapaca Taracapa Valorado en 0 de 5 Vista r\u00e1pida Vino Frontera VINOS Valorado en 0 de 5 Vista r\u00e1pida Gato Negro Merlot 750 ml GATO NEGRO Valorado en 0 de 5 Vista r\u00e1pida Vino Tarapaca Taracapa &#36;&nbsp;50.000 Vista r\u00e1pida Vino Frontera VINOS &#36;&nbsp;25.000 Vista r\u00e1pida Gato Negro Merlot 750 ml GATO &hellip;<\/p>\n<p class=\"read-more\"> <a class=\"\" href=\"https:\/\/disantastore.com\/web\/?product=gato-negro-merlot-750-ml\"> <span class=\"screen-reader-text\">Gato Negro Merlot 750 ml<\/span> Leer m\u00e1s &raquo;<\/a><\/p>\n","protected":false},"author":1,"featured_media":0,"parent":0,"menu_order":0,"comment_status":"closed","ping_status":"closed","template":"","meta":{"site-sidebar-layout":"no-sidebar","site-content-layout":"page-builder","ast-global-header-display":"","ast-banner-title-visibility":"","ast-main-header-display":"","ast-hfb-above-header-display":"","ast-hfb-below-header-display":"","ast-hfb-mobile-header-display":"","site-post-title":"disabled","ast-breadcrumbs-content":"","ast-featured-img":"disabled","footer-sml-layout":"","theme-transparent-header-meta":"","adv-header-id-meta":"","stick-header-meta":"","header-above-stick-meta":"","header-main-stick-meta":"","header-below-stick-meta":"","footnotes":""},"class_list":["post-1827","page","type-page","status-publish","hentry","desktop-align-left","tablet-align-left","mobile-align-left"],"_links":{"self":[{"href":"https:\/\/disantastore.com\/web\/index.php?rest_route=\/wp\/v2\/pages\/1827","targetHints":{"allow":["GET"]}}],"collection":[{"href":"https:\/\/disantastore.com\/web\/index.php?rest_route=\/wp\/v2\/pages"}],"about":[{"href":"https:\/\/disantastore.com\/web\/index.php?rest_route=\/wp\/v2\/types\/page"}],"author":[{"embeddable":true,"href":"https:\/\/disantastore.com\/web\/index.php?rest_route=\/wp\/v2\/users\/1"}],"replies":[{"embeddable":true,"href":"https:\/\/disantastore.com\/web\/index.php?rest_route=%2Fwp%2Fv2%2Fcomments&post=1827"}],"version-history":[{"count":37,"href":"https:\/\/disantastore.com\/web\/index.php?rest_route=\/wp\/v2\/pages\/1827\/revisions"}],"predecessor-version":[{"id":2054,"href":"https:\/\/disantastore.com\/web\/index.php?rest_route=\/wp\/v2\/pages\/1827\/revisions\/2054"}],"wp:attachment":[{"href":"https:\/\/disantastore.com\/web\/index.php?rest_route=%2Fwp%2Fv2%2Fmedia&parent=1827"}],"curies":[{"name":"wp","href":"https:\/\/api.w.org\/{rel}","templated":true}]}}